{"id":3,"date":"2024-11-13T07:24:20","date_gmt":"2024-11-13T07:24:20","guid":{"rendered":"https:\/\/charmetack.com\/?page_id=3"},"modified":"2024-12-25T06:58:44","modified_gmt":"2024-12-25T06:58:44","slug":"politica-sulla-riservatezza","status":"publish","type":"page","link":"https:\/\/charmetack.com\/it\/politica-sulla-riservatezza\/","title":{"rendered":"Informativa sulla privacy"},"content":{"rendered":"<p>La privacy e la sicurezza delle vostre informazioni sono molto importanti per noi.<br>Per saperne di pi\u00f9, consultare l'informativa completa sulla privacy riportata di seguito.<br>Introduzione<br>La presente informativa sulla privacy spiega come la nostra azienda e le sue affiliate raccolgono e utilizzano le informazioni degli utenti. La nostra politica sulla privacy si applica a tutte le persone che visitano e utilizzano il nostro sito web, la nostra azienda e i servizi online, nonch\u00e9 i siti web e i servizi online forniti dai nostri membri (collettivamente denominati \"siti\"). Le societ\u00e0 affiliate sono entit\u00e0 direttamente o indirettamente possedute dalla nostra societ\u00e0, o entit\u00e0 controllate o controllate congiuntamente dalla nostra societ\u00e0. I riferimenti a \"basic health\", \"noi\", \"nostro\" o \"ci\" nella presente informativa sulla privacy si riferiscono all'entit\u00e0 responsabile della raccolta e dell'utilizzo dei vostri dati personali, di solito l'entit\u00e0 che ottiene i vostri dati personali in ogni caso sotto. Questa entit\u00e0 \u00e8 anche chiamata responsabile del trattamento dei dati. La presente informativa sulla privacy non riguarda i siti web e i servizi online gestiti dalla nostra azienda o dalle nostre societ\u00e0 affiliate. Questi siti web e servizi online hanno politiche sulla privacy separate e non sono collegati a questa politica sulla privacy o fusi per riferimento. Ad altre parti del nostro sito web, come le aree protette da password o le pagine web utilizzate per il reclutamento online, possono essere applicate politiche sulla privacy diverse. La nostra politica sulla privacy si applica solo alle attivit\u00e0 che svolgiamo su questo sito web e non si applica alle attivit\u00e0 \"offline\" o non correlate a questo sito web. La presente informativa sulla privacy \u00e8 stata incorporata nei nostri termini e condizioni, e la stessa si applica quando si utilizza il nostro sito web. Utilizzando questo sito web e fornendo i vostri dati personali e altre informazioni attraverso questo sito web, riconoscete che i vostri dati personali saranno trattati in conformit\u00e0 con i termini di questa politica sulla privacy. Se non siete d'accordo con le pratiche descritte nella presente informativa sulla privacy, siete pregati di non fornirci i vostri dati personali e di non interagire con il sito web in altri modi. Ci riserviamo il diritto di modificare la presente informativa sulla privacy in qualsiasi momento. Qualora dovessimo apportare modifiche sostanziali alla nostra politica sulla privacy, ne daremo comunicazione su questo sito web prima che le modifiche entrino in vigore. \u00c8 possibile determinare l'ultima data di revisione della presente informativa sulla privacy facendo riferimento alla data di \"ultimo aggiornamento\" riportata sopra. \u00c8 possibile visualizzare la versione pi\u00f9 recente della presente informativa sulla privacy. Si consiglia di controllare regolarmente l'informativa sulla privacy per verificare eventuali modifiche.<br>\u00a0<br>Quali dati personali raccogliamo su di voi?<br>I dati personali utilizzati nella presente informativa sulla privacy si riferiscono a qualsiasi informazione relativa a un individuo identificato o identificabile, o come definito dalle leggi applicabili. Quando visitate il nostro sito web e interagite volontariamente con esso, raccogliamo i seguenti dati personali:<br>Nome e cognome;<br>Nome della societ\u00e0;<br>Indirizzo del protocollo Internet (IP);<br>Informazioni di contatto (ad esempio, numero di telefono, indirizzo e-mail);<br>oppure, altre informazioni fornite volontariamente dall'utente.<br>\u00a0<br>Quando raccogliamo i vostri dati personali?<br>A meno che l'utente non scelga volontariamente di divulgare tali informazioni, la nostra azienda non raccoglier\u00e0 alcun dato personale dall'utente attraverso questo sito web. Potremmo chiedervi di fornire alcuni dati personali in momenti e luoghi diversi del sito web. In alcuni casi, se scegliete di non fornirci i dati personali richiesti, potreste non essere in grado di accedere a tutti i contenuti del sito o di partecipare a tutte le sue funzioni. Ad esempio, possiamo raccogliere i vostri dati personali quando eseguite le seguenti azioni:<br>Acquistate i prodotti della nostra azienda attraverso il nostro sito web;<br>Aprite o rispondete alla nostra e-mail;<br>Quando l'utente ci fornisce volontariamente informazioni attraverso i sondaggi, possiamo collegarle ai dati personali che abbiamo precedentemente raccolto su di lui;<br>Contattare il servizio clienti, utilizzare la funzione \"connect\" per parlare con i nostri rappresentanti aziendali o utilizzare i nostri strumenti di assistenza clienti;<br>Collegare, collegare o \"condividere\" il nostro sito web attraverso i siti di social network;<br>Se ci fornite i dati personali di una terza parte, significa che avete fornito alla terza parte un avviso e che siete stati autorizzati dalla terza parte a fornire tali informazioni.<br>\u00a0<br>Come utilizziamo i dati personali?<br>La nostra azienda utilizza i dati personali raccolti per fornirvi servizi o stipulare un accordo contrattuale con voi quando visitate il nostro sito web. Ci\u00f2 include:<br>Creiamo per voi un account per un sito web online in base alle vostre esigenze;<br>Fornire assistenza ai clienti (ad esempio, rispondere alle loro domande o alle loro richieste);<br>Inviarvi promemoria, aggiornamenti, assistenza, messaggi di gestione, annunci di servizio e informazioni richieste;<br>Utilizzeremo i dati personali di terzi o di noi per motivi commerciali legittimi, a condizione che i dati siano compatibili con i vostri diritti e le vostre aspettative in materia di privacy. Ci\u00f2 include:<br>Gestire, mantenere e migliorare questo sito web, i nostri servizi e i nostri prodotti;<br>Eseguire analisi e condurre ricerche sui clienti;<br>Verificare la vostra capacit\u00e0 di accedere o utilizzare determinati prodotti o servizi che sono disponibili solo a persone che soddisfano determinati requisiti o standard di qualificazione, come ad esempio gli operatori sanitari;<br>Permettere all'utente di interagire con alcuni fornitori di servizi di contenuti di terze parti (ad esempio, per consentire all'utente di collegarsi o visualizzare contenuti di siti web di terze parti all'interno di questo sito web, o visualizzare i nostri contenuti su siti web di terze parti);<br>Permettere all'utente di scegliere di partecipare alle funzioni interattive del nostro sito web;<br>Gestire sondaggi online o offerte speciali fornite da noi o da partner commerciali terzi;<br>Migliorare il nostro sito web, il servizio clienti, i prodotti e i servizi e l'esperienza complessiva degli utenti;<br>Migliorare le altre informazioni che abbiamo su di voi per aiutarci a capirvi meglio e a determinare i vostri interessi;<br>Determinare le preferenze dell'utente in modo da poterlo informare di nuovi prodotti o di altri prodotti, servizi e promozioni che potrebbero essere di suo interesse;<br>La nostra azienda ha anche una base giuridica per l'utilizzo dei vostri dati personali:<br>Per prevenire frodi, per la sicurezza pubblica, per far rispettare gli obblighi di comunicazione e i termini e le condizioni della nostra azienda e per ottemperare a leggi, regolamenti, ordini del tribunale, citazioni in giudizio o altre procedure legali.<br>Ove richiesto dalla legge, possiamo anche utilizzare le informazioni raccolte in conformit\u00e0 alla presente informativa sulla privacy con il vostro consenso \"opt-in\" per fornirvi beni o servizi che riteniamo possano essere di vostro interesse Informazioni.<br>\u00a0<br>Come trattare i dati personali sensibili?<br>I dati personali sensibili utilizzati nell'informativa sulla privacy (definiti anche \"categorie speciali di dati personali\") si riferiscono a dati relativi a razza o etnia, opinioni politiche, religione o altre convinzioni, salute, caratteristiche genetiche o biologiche, vita sessuale o sessualit\u00e0. Informazioni sull'orientamento, sui precedenti penali o sull'appartenenza a sindacati. La nostra azienda raccoglie dati personali sensibili solo nelle seguenti circostanze limitate:<br>Con il vostro esplicito consenso;<br>Proteggere gli interessi vitali dell'utente o di altri se non \u00e8 possibile acconsentire fisicamente o legalmente;<br>Se il trattamento \u00e8 necessario per scopi medici preventivi o professionali, per fornire assistenza o cure sanitarie o sociali o per gestire sistemi e servizi sanitari o sociali in conformit\u00e0 con le leggi dell'Unione o degli Stati membri o in conformit\u00e0 con i contratti stipulati con gli operatori sanitari; o se \u00e8 utilizzato per stabilire, esercitare o difendere rivendicazioni legali, o nella misura consentita e richiesta dalle leggi applicabili.<br>Se non diversamente richiesto dalle leggi vigenti, non \u00e8 necessario che l'utente ci fornisca alcun dato personale sensibile quando utilizza il nostro sito web. Se scegliete di non farlo, la vostra decisione non vi impedir\u00e0 di utilizzare il nostro sito web.<br>\u00a0<br>Quali altre informazioni raccogliamo?<br>Come molti altri siti web, quando l'utente naviga e interagisce con il nostro sito, possiamo utilizzare una tecnologia di raccolta automatica per raccogliere alcune informazioni sul dispositivo, sulle operazioni di navigazione e sui modelli, tra cui:<br>I dettagli della vostra visita al nostro sito web, comprese le risorse che visitate e utilizzate sul nostro sito web, i dati sul traffico, i dati sulla posizione, i log, la lingua;<br>Data e ora di accesso, frequenza e altri dati di comunicazione;<br>Informazioni sul computer e sulla connessione a Internet, compresi il sistema operativo, il dominio host e il tipo di browser (come Internet Explorer); oppure<br>Dettagli del sito web consigliato (URL).<br>Le informazioni che raccogliamo automaticamente sono dati statistici che possono aiutarci a migliorare il nostro sito web e a fornire servizi migliori e pi\u00f9 personalizzati, consentendoci tra l'altro di:<br>Determinare i modelli di traffico del sito web;<br>Contare il numero di visite al sito;<br>Identificare la fonte di traffico in modo da poter misurare e migliorare le prestazioni del sito web;<br>Condividere o vendere tali informazioni a terzi;<br>Ci aiutano a capire quali sono le pagine e i contenuti pi\u00f9 e meno popolari; e<br>Determinare la frequenza e l'ultima data della visita al nostro sito web.<br>\u00a0<br>Cookie e altre tecnologie<br>Quando visitate il nostro sito web o interagite con le nostre e-mail, utilizziamo cookie, web beacon\/pixel tag e altre tecnologie (denominate collettivamente \"cookie\") per identificarvi. I \"cookie\" sono piccole quantit\u00e0 di dati memorizzati nella cache o in un computer in base all'attivit\u00e0 su Internet. Questi cookie possono essere trasmessi nel contesto di una prima parte o di una terza parte. Ad esempio, possiamo raccogliere informazioni sul tipo e sulla versione del browser, sul sistema operativo, sulla lingua dell'utente, sull'ISP, sulle pagine web visitate, sui link cliccati, sull'indirizzo IP, sull'eventuale presenza di un plug-in \"Flash\", sulla risoluzione dello schermo e sulle informazioni di connessione. Tipi, siti web visitati prima e dopo aver visitato il nostro sito web, informazioni dettagliate sui prodotti acquistati e sulle e-mail inviate, inoltrate o cliccate per accedere al nostro sito web. La raccolta di queste informazioni ci consente di comprendere meglio il modo in cui l'utente interagisce con il nostro sito web, di fornirgli un'esperienza online pi\u00f9 personalizzata e ottimizzata grazie al tracciamento delle sue preferenze, di migliorare il nostro sito web, di eseguire contratti con i nostri partner commerciali, di confermare la ricezione e la risposta alle nostre e-mail e di fornire un servizio clienti pi\u00f9 efficace. Per ulteriori informazioni sui cookie raccolti e su come disattivarli, visitare la nostra Politica sui cookie e la sezione 9 di seguito. Plugin per i social media. Il nostro sito web utilizza i cosiddetti social plug-in (\"plug-in\") dei social network Facebook, Twitter e LinkedIn. Questi plug-in sono indicati dai rispettivi loghi dei social network. Quando visitate il sito, il vostro browser stabilisce una connessione diretta con i server di questi social network. Il social network trasferisce il contenuto del plug-in direttamente al vostro browser e lo integra quindi nel sito web. L'integrazione dei plug-in consente ai social network di ricevere le informazioni caricate dall'utente sulle pagine corrispondenti del sito. Ad esempio, se vi loggate con Facebook, quest'ultimo sar\u00e0 in grado di assegnare la vostra visita al vostro account. Quando visitate il nostro sito web, che interagiate o meno con il plug-in, avete gi\u00e0 scambiato queste informazioni. Se interagite con il plug-in, le informazioni corrispondenti vengono inviate direttamente a Facebook tramite il vostro browser e l\u00ec salvate. Sui siti di social network \u00e8 possibile trovare informazioni sull'utilizzo dei dati da parte dei social network, nonch\u00e9 sui propri diritti e sulle impostazioni facoltative per proteggere la propria privacy. Se non volete che i social network raccolgano dati su di voi attraverso il nostro sito web, dovete accedere al dominio del social network prima di visitare il sito. Per evitare lo scambio di informazioni con i social network durante la visita al nostro sito web, \u00e8 possibile disattivare i cookie attraverso le impostazioni del browser e altri strumenti.<br>\u00a0<br>Come condividiamo le informazioni?<br>La nostra azienda si impegna a mantenere la riservatezza dei vostri dati personali. Ad eccezione di quanto previsto nella presente informativa sulla privacy, non venderemo, scambieremo o affitteremo a terzi i vostri dati personali raccolti sul sito web. Potremmo condividere i vostri dati personali in conformit\u00e0 ai seguenti requisiti o permessi legali:<br>Nell'ambito delle attivit\u00e0 quotidiane, qualsiasi societ\u00e0 affiliata a Guangdong Charmetack New Materials Technology Co., Ltd. pu\u00f2 utilizzare i dati personali dell'utente solo per gli scopi descritti nella presente informativa sulla privacy (ad esempio, per rispondere alle richieste di informazioni sui nostri prodotti e servizi);<br>Con appaltatori, venditori e fornitori che ci forniscono servizi per nostro conto, quali l'elaborazione e l'evasione degli ordini, l'analisi e l'archiviazione dei dati, l'assistenza al marketing diretto e alla distribuzione di e-mail e altre comunicazioni, i servizi di prevenzione delle frodi, la consegna e la logistica, e per completare altri scopi della raccolta di cui sopra;<br>Se noi o una delle nostre societ\u00e0 affiliate dichiariamo bancarotta o il trasferimento di propriet\u00e0 (o di beni) relativo alla riorganizzazione aziendale proposta o completa di una delle nostre affiliate, come fusioni, acquisizioni o vendite di unit\u00e0 aziendali effettive o potenziali;<br>Conformarsi agli ordini legali e ai requisiti governativi o supportare le funzioni di audit, conformit\u00e0 e governance aziendale, se necessario;<br>Per combattere frodi o attivit\u00e0 criminali e per proteggere i diritti nostri o dei nostri affiliati, utenti e partner commerciali, o come parte di procedure legali che riguardano la nostra azienda, compresa l'applicazione dei nostri termini e condizioni.<\/p>","protected":false},"excerpt":{"rendered":"<p>La privacy e la sicurezza delle vostre informazioni sono molto importanti per noi. Vi invitiamo a consultare l'informativa sulla privacy completa per saperne di pi\u00f9.IntroduzioneQuesta informativa sulla privacy spiega come la nostra azienda e le sue affiliate raccolgono e utilizzano le vostre informazioni. La nostra politica sulla privacy si applica a tutte le persone che visitano e utilizzano il nostro sito web, la nostra azienda e i servizi online [...]<\/p>","protected":false},"author":1,"featured_media":0,"parent":0,"menu_order":0,"comment_status":"closed","ping_status":"open","template":"page\/privacy.php","meta":{"footnotes":""},"class_list":["post-3","page","type-page","status-publish","hentry"],"_links":{"self":[{"href":"https:\/\/charmetack.com\/it\/wp-json\/wp\/v2\/pages\/3","targetHints":{"allow":["GET"]}}],"collection":[{"href":"https:\/\/charmetack.com\/it\/wp-json\/wp\/v2\/pages"}],"about":[{"href":"https:\/\/charmetack.com\/it\/wp-json\/wp\/v2\/types\/page"}],"author":[{"embeddable":true,"href":"https:\/\/charmetack.com\/it\/wp-json\/wp\/v2\/users\/1"}],"replies":[{"embeddable":true,"href":"https:\/\/charmetack.com\/it\/wp-json\/wp\/v2\/comments?post=3"}],"version-history":[{"count":2,"href":"https:\/\/charmetack.com\/it\/wp-json\/wp\/v2\/pages\/3\/revisions"}],"predecessor-version":[{"id":412,"href":"https:\/\/charmetack.com\/it\/wp-json\/wp\/v2\/pages\/3\/revisions\/412"}],"wp:attachment":[{"href":"https:\/\/charmetack.com\/it\/wp-json\/wp\/v2\/media?parent=3"}],"curies":[{"name":"wp","href":"https:\/\/api.w.org\/{rel}","templated":true}]}}