{"id":7,"date":"2024-11-14T01:33:46","date_gmt":"2024-11-14T01:33:46","guid":{"rendered":"https:\/\/charmetack.com\/?page_id=7"},"modified":"2026-04-29T01:22:47","modified_gmt":"2026-04-29T01:22:47","slug":"a-propos-de-nous","status":"publish","type":"page","link":"https:\/\/charmetack.com\/fr\/a-propos-de-nous\/","title":{"rendered":"A propos de nous"},"content":{"rendered":"","protected":false},"excerpt":{"rendered":"<p>Charmetack fabrique des complexes adh\u00e9sifs, des \u00e9tiquettes adh\u00e9sives, des rubans industriels et des \u00e9tiquettes intelligentes pour les transformateurs, les imprimeurs et les acheteurs d'emballages industriels.<\/p>","protected":false},"author":1,"featured_media":0,"parent":0,"menu_order":0,"comment_status":"closed","ping_status":"open","template":"page\/about.php","meta":{"footnotes":""},"class_list":["post-7","page","type-page","status-publish","hentry"],"_links":{"self":[{"href":"https:\/\/charmetack.com\/fr\/wp-json\/wp\/v2\/pages\/7","targetHints":{"allow":["GET"]}}],"collection":[{"href":"https:\/\/charmetack.com\/fr\/wp-json\/wp\/v2\/pages"}],"about":[{"href":"https:\/\/charmetack.com\/fr\/wp-json\/wp\/v2\/types\/page"}],"author":[{"embeddable":true,"href":"https:\/\/charmetack.com\/fr\/wp-json\/wp\/v2\/users\/1"}],"replies":[{"embeddable":true,"href":"https:\/\/charmetack.com\/fr\/wp-json\/wp\/v2\/comments?post=7"}],"version-history":[{"count":2,"href":"https:\/\/charmetack.com\/fr\/wp-json\/wp\/v2\/pages\/7\/revisions"}],"predecessor-version":[{"id":7527,"href":"https:\/\/charmetack.com\/fr\/wp-json\/wp\/v2\/pages\/7\/revisions\/7527"}],"wp:attachment":[{"href":"https:\/\/charmetack.com\/fr\/wp-json\/wp\/v2\/media?parent=7"}],"curies":[{"name":"wp","href":"https:\/\/api.w.org\/{rel}","templated":true}]}}